{"id":696,"date":"2026-03-11T22:17:28","date_gmt":"2026-03-11T22:17:28","guid":{"rendered":"https:\/\/events.lechateauroyal.com\/elementor-page-681\/"},"modified":"2026-03-19T14:21:29","modified_gmt":"2026-03-19T18:21:29","slug":"menu","status":"publish","type":"page","link":"https:\/\/events.lechateauroyal.com\/fr\/menu\/","title":{"rendered":"Menu"},"content":{"rendered":"\t\t<div data-elementor-type=\"wp-page\" data-elementor-id=\"696\" class=\"elementor elementor-696 elementor-681\" data-elementor-post-type=\"page\">\n\t\t\t\t<div class=\"elementor-element elementor-element-a6a848c e-flex e-con-boxed e-con e-parent\" data-id=\"a6a848c\" data-element_type=\"container\" data-e-type=\"container\" data-settings=\"{&quot;background_background&quot;:&quot;classic&quot;}\">\n\t\t\t\t\t<div class=\"e-con-inner\">\n\t\t<div class=\"elementor-element elementor-element-cd0faee e-flex e-con-boxed e-con e-child\" data-id=\"cd0faee\" data-element_type=\"container\" data-e-type=\"container\">\n\t\t\t\t\t<div class=\"e-con-inner\">\n\t\t\t\t<div class=\"elementor-element elementor-element-07fe43e elementor-widget elementor-widget-heading\" data-id=\"07fe43e\" data-element_type=\"widget\" data-e-type=\"widget\" data-widget_type=\"heading.default\">\n\t\t\t\t\t<h2 class=\"elementor-heading-title elementor-size-default\">s\u00e9lection de boulangerie artisanale<\/h2>\t\t\t\t<\/div>\n\t\t\t\t<div class=\"elementor-element elementor-element-1ab4a56 elementor-widget elementor-widget-text-editor\" data-id=\"1ab4a56\" data-element_type=\"widget\" data-e-type=\"widget\" data-widget_type=\"text-editor.default\">\n\t\t\t\t\t\t\t\t\t<p class=\"p1\">Croissants pur beurre &amp; pains au chocolat<\/p><p class=\"p1\">Mini danoises assorties<\/p><p class=\"p1\">Pain aux bananes &amp; cake au citron<\/p><p class=\"p1\">S\u00e9lection de muffins fra\u00eechement cuits<\/p><p class=\"p1\">Pains artisanaux et bagels de style montr\u00e9alais<\/p>\t\t\t\t\t\t\t\t<\/div>\n\t\t\t\t<div class=\"elementor-element elementor-element-6c69c85 elementor-widget elementor-widget-text-editor\" data-id=\"6c69c85\" data-element_type=\"widget\" data-e-type=\"widget\" data-widget_type=\"text-editor.default\">\n\t\t\t\t\t\t\t\t\t<p class=\"p1\">Servis avec beurre, confitures maison, miel, beurre d\u2019arachide &amp; fromage \u00e0 la cr\u00e8me<\/p>\t\t\t\t\t\t\t\t<\/div>\n\t\t\t\t\t<\/div>\n\t\t\t\t<\/div>\n\t\t<div class=\"elementor-element elementor-element-b549d59 e-flex e-con-boxed e-con e-child\" data-id=\"b549d59\" data-element_type=\"container\" data-e-type=\"container\">\n\t\t\t\t\t<div class=\"e-con-inner\">\n\t\t\t\t<div class=\"elementor-element elementor-element-8990793 elementor-widget elementor-widget-heading\" data-id=\"8990793\" data-element_type=\"widget\" data-e-type=\"widget\" data-widget_type=\"heading.default\">\n\t\t\t\t\t<h2 class=\"elementor-heading-title elementor-size-default\">bar \u00e0 fruits &amp; parfaits<\/h2>\t\t\t\t<\/div>\n\t\t\t\t<div class=\"elementor-element elementor-element-a83f217 elementor-widget elementor-widget-text-editor\" data-id=\"a83f217\" data-element_type=\"widget\" data-e-type=\"widget\" data-widget_type=\"text-editor.default\">\n\t\t\t\t\t\t\t\t\t<p class=\"p1\">Pr\u00e9sentation de fruits frais de saison<\/p><p class=\"p1\">Yogourt grec<\/p>\t\t\t\t\t\t\t\t<\/div>\n\t\t\t\t<div class=\"elementor-element elementor-element-f5b7897 elementor-widget elementor-widget-text-editor\" data-id=\"f5b7897\" data-element_type=\"widget\" data-e-type=\"widget\" data-widget_type=\"text-editor.default\">\n\t\t\t\t\t\t\t\t\t<p class=\"p1\">Accompagnements pour parfait : granola, miel &amp; baies fra\u00eeches<\/p>\t\t\t\t\t\t\t\t<\/div>\n\t\t\t\t\t<\/div>\n\t\t\t\t<\/div>\n\t\t<div class=\"elementor-element elementor-element-ce73ad8 e-flex e-con-boxed e-con e-child\" data-id=\"ce73ad8\" data-element_type=\"container\" data-e-type=\"container\">\n\t\t\t\t\t<div class=\"e-con-inner\">\n\t\t\t\t<div class=\"elementor-element elementor-element-126718a elementor-widget elementor-widget-heading\" data-id=\"126718a\" data-element_type=\"widget\" data-e-type=\"widget\" data-widget_type=\"heading.default\">\n\t\t\t\t\t<h2 class=\"elementor-heading-title elementor-size-default\">station de fromages<\/h2>\t\t\t\t<\/div>\n\t\t\t\t<div class=\"elementor-element elementor-element-80a54bd elementor-widget elementor-widget-text-editor\" data-id=\"80a54bd\" data-element_type=\"widget\" data-e-type=\"widget\" data-widget_type=\"text-editor.default\">\n\t\t\t\t\t\t\t\t\t<p class=\"p1\">S\u00e9lection de fromages locaux et import\u00e9s<\/p><p class=\"p1\">fruits frais et s\u00e9ch\u00e9s<\/p><p class=\"p1\">Petits pains artisanaux et gressins<\/p>\t\t\t\t\t\t\t\t<\/div>\n\t\t\t\t\t<\/div>\n\t\t\t\t<\/div>\n\t\t<div class=\"elementor-element elementor-element-f04ab5c e-flex e-con-boxed e-con e-child\" data-id=\"f04ab5c\" data-element_type=\"container\" data-e-type=\"container\">\n\t\t\t\t\t<div class=\"e-con-inner\">\n\t\t\t\t<div class=\"elementor-element elementor-element-285e84a elementor-widget elementor-widget-heading\" data-id=\"285e84a\" data-element_type=\"widget\" data-e-type=\"widget\" data-widget_type=\"heading.default\">\n\t\t\t\t\t<h2 class=\"elementor-heading-title elementor-size-default\">pr\u00e9sentation de charcuteries<\/h2>\t\t\t\t<\/div>\n\t\t\t\t<div class=\"elementor-element elementor-element-a25d108 elementor-widget elementor-widget-text-editor\" data-id=\"a25d108\" data-element_type=\"widget\" data-e-type=\"widget\" data-widget_type=\"text-editor.default\">\n\t\t\t\t\t\t\t\t\t<p class=\"p1\">Charcuteries locales et import\u00e9es<\/p><p class=\"p1\">L\u00e9gumes grill\u00e9s et marin\u00e9s<\/p><p class=\"p1\">Artichauts, champignons et olives<\/p>\t\t\t\t\t\t\t\t<\/div>\n\t\t\t\t\t<\/div>\n\t\t\t\t<\/div>\n\t\t<div class=\"elementor-element elementor-element-f9d2790 e-flex e-con-boxed e-con e-child\" data-id=\"f9d2790\" data-element_type=\"container\" data-e-type=\"container\">\n\t\t\t\t\t<div class=\"e-con-inner\">\n\t\t\t\t<div class=\"elementor-element elementor-element-a69527c elementor-widget elementor-widget-heading\" data-id=\"a69527c\" data-element_type=\"widget\" data-e-type=\"widget\" data-widget_type=\"heading.default\">\n\t\t\t\t\t<h2 class=\"elementor-heading-title elementor-size-default\">classiques du petit d\u00e9jeuner<\/h2>\t\t\t\t<\/div>\n\t\t\t\t<div class=\"elementor-element elementor-element-3c3b242 elementor-widget elementor-widget-text-editor\" data-id=\"3c3b242\" data-element_type=\"widget\" data-e-type=\"widget\" data-widget_type=\"text-editor.default\">\n\t\t\t\t\t\t\t\t\t<p class=\"p1\">\u0152ufs brouill\u00e9s<\/p><p class=\"p1\">Bacon croustillant<\/p><p class=\"p1\">Saucisses d\u00e9jeuner<\/p><p class=\"p1\">Jambon glac\u00e9 \u00e0 l\u2019\u00e9rable<\/p><p class=\"p1\">Pommes de terre d\u00e9jeuner r\u00f4ties aux herbes<\/p><p class=\"p1\">Bagels de style montr\u00e9alais avec saumon fum\u00e9, oignon rouge, c\u00e2pres et fromage \u00e0 la cr\u00e8me fouett\u00e9<\/p>\t\t\t\t\t\t\t\t<\/div>\n\t\t\t\t\t<\/div>\n\t\t\t\t<\/div>\n\t\t<div class=\"elementor-element elementor-element-137bd65 e-flex e-con-boxed e-con e-child\" data-id=\"137bd65\" data-element_type=\"container\" data-e-type=\"container\">\n\t\t\t\t\t<div class=\"e-con-inner\">\n\t\t\t\t<div class=\"elementor-element elementor-element-67cf549 elementor-widget elementor-widget-heading\" data-id=\"67cf549\" data-element_type=\"widget\" data-e-type=\"widget\" data-widget_type=\"heading.default\">\n\t\t\t\t\t<h2 class=\"elementor-heading-title elementor-size-default\">station d\u2019omelettes<\/h2>\t\t\t\t<\/div>\n\t\t\t\t<div class=\"elementor-element elementor-element-10327a8 elementor-widget elementor-widget-text-editor\" data-id=\"10327a8\" data-element_type=\"widget\" data-e-type=\"widget\" data-widget_type=\"text-editor.default\">\n\t\t\t\t\t\t\t\t\t<p>Omelettes pr\u00e9par\u00e9es sur commande \u2014 choix incluant :<\/p>\t\t\t\t\t\t\t\t<\/div>\n\t\t\t\t<div class=\"elementor-element elementor-element-7cb72b6 elementor-widget elementor-widget-text-editor\" data-id=\"7cb72b6\" data-element_type=\"widget\" data-e-type=\"widget\" data-widget_type=\"text-editor.default\">\n\t\t\t\t\t\t\t\t\t<p class=\"p1\">fromage cheddar<\/p><p class=\"p1\">Jambon<\/p><p class=\"p1\">poivrons<\/p><p class=\"p1\">champignons<\/p><p class=\"p1\">\u00e9pinards<\/p><p class=\"p1\">tomates<\/p><p class=\"p1\">oignons<\/p>\t\t\t\t\t\t\t\t<\/div>\n\t\t\t\t\t<\/div>\n\t\t\t\t<\/div>\n\t\t<div class=\"elementor-element elementor-element-37fce49 e-flex e-con-boxed e-con e-child\" data-id=\"37fce49\" data-element_type=\"container\" data-e-type=\"container\">\n\t\t\t\t\t<div class=\"e-con-inner\">\n\t\t\t\t<div class=\"elementor-element elementor-element-12cb977 elementor-widget elementor-widget-heading\" data-id=\"12cb977\" data-element_type=\"widget\" data-e-type=\"widget\" data-widget_type=\"heading.default\">\n\t\t\t\t\t<h2 class=\"elementor-heading-title elementor-size-default\">station d\u2019\u0153ufs b\u00e9n\u00e9dictes<\/h2>\t\t\t\t<\/div>\n\t\t\t\t<div class=\"elementor-element elementor-element-6ac7cba elementor-widget elementor-widget-text-editor\" data-id=\"6ac7cba\" data-element_type=\"widget\" data-e-type=\"widget\" data-widget_type=\"text-editor.default\">\n\t\t\t\t\t\t\t\t\t<p class=\"p1\">Classique au jambon<\/p><p class=\"p1\">Florentine (\u00e9pinards)<\/p>\t\t\t\t\t\t\t\t<\/div>\n\t\t\t\t<div class=\"elementor-element elementor-element-ae3e7c7 elementor-widget elementor-widget-text-editor\" data-id=\"ae3e7c7\" data-element_type=\"widget\" data-e-type=\"widget\" data-widget_type=\"text-editor.default\">\n\t\t\t\t\t\t\t\t\t<p>Sauce hollandaise servie chaude<\/p>\t\t\t\t\t\t\t\t<\/div>\n\t\t\t\t\t<\/div>\n\t\t\t\t<\/div>\n\t\t<div class=\"elementor-element elementor-element-8358892 e-flex e-con-boxed e-con e-child\" data-id=\"8358892\" data-element_type=\"container\" data-e-type=\"container\">\n\t\t\t\t\t<div class=\"e-con-inner\">\n\t\t\t\t<div class=\"elementor-element elementor-element-c8c2307 elementor-widget elementor-widget-heading\" data-id=\"c8c2307\" data-element_type=\"widget\" data-e-type=\"widget\" data-widget_type=\"heading.default\">\n\t\t\t\t\t<h2 class=\"elementor-heading-title elementor-size-default\">salades et s\u00e9lection froide<\/h2>\t\t\t\t<\/div>\n\t\t\t\t<div class=\"elementor-element elementor-element-d2463d1 elementor-widget elementor-widget-text-editor\" data-id=\"d2463d1\" data-element_type=\"widget\" data-e-type=\"widget\" data-widget_type=\"text-editor.default\">\n\t\t\t\t\t\t\t\t\t<p class=\"p1\">Salade grecque villageoise<\/p><p class=\"p1\">Salade C\u00e9sar classique<\/p><p class=\"p1\">Assortiment de crudit\u00e9s avec pains plats et trempettes maison<\/p>\t\t\t\t\t\t\t\t<\/div>\n\t\t\t\t\t<\/div>\n\t\t\t\t<\/div>\n\t\t<div class=\"elementor-element elementor-element-6222683 e-flex e-con-boxed e-con e-child\" data-id=\"6222683\" data-element_type=\"container\" data-e-type=\"container\">\n\t\t\t\t\t<div class=\"e-con-inner\">\n\t\t\t\t<div class=\"elementor-element elementor-element-4da35bc elementor-widget elementor-widget-heading\" data-id=\"4da35bc\" data-element_type=\"widget\" data-e-type=\"widget\" data-widget_type=\"heading.default\">\n\t\t\t\t\t<h2 class=\"elementor-heading-title elementor-size-default\">s\u00e9lection chaudes du chef<\/h2>\t\t\t\t<\/div>\n\t\t\t\t<div class=\"elementor-element elementor-element-8858198 elementor-widget elementor-widget-text-editor\" data-id=\"8858198\" data-element_type=\"widget\" data-e-type=\"widget\" data-widget_type=\"text-editor.default\">\n\t\t\t\t\t\t\t\t\t<p class=\"p1\">Contre-filet AAA en cro\u00fbte dherbes (station de d\u00e9coupe), chimichurri classique<\/p><p class=\"p1\">Saumon r\u00f4ti au beurre citronn\u00e9<\/p><p class=\"p1\">Cuisses de poulet d\u00e9soss\u00e9es marin\u00e9es \u00e0 la grecque, citron et origan<\/p><p class=\"p1\">Penne pomodoro, basilic frais<\/p><p class=\"p1\">Riz basmati parfum\u00e9 aux herbes<\/p><p class=\"p1\">L\u00e9gumes frais du march\u00e9<\/p>\t\t\t\t\t\t\t\t<\/div>\n\t\t\t\t\t<\/div>\n\t\t\t\t<\/div>\n\t\t<div class=\"elementor-element elementor-element-2b99dec e-flex e-con-boxed e-con e-child\" data-id=\"2b99dec\" data-element_type=\"container\" data-e-type=\"container\">\n\t\t\t\t\t<div class=\"e-con-inner\">\n\t\t\t\t<div class=\"elementor-element elementor-element-5cff623 elementor-widget elementor-widget-heading\" data-id=\"5cff623\" data-element_type=\"widget\" data-e-type=\"widget\" data-widget_type=\"heading.default\">\n\t\t\t\t\t<h2 class=\"elementor-heading-title elementor-size-default\">exp\u00e9rience gaufres en direct<\/h2>\t\t\t\t<\/div>\n\t\t\t\t<div class=\"elementor-element elementor-element-e8c0438 elementor-widget elementor-widget-text-editor\" data-id=\"e8c0438\" data-element_type=\"widget\" data-e-type=\"widget\" data-widget_type=\"text-editor.default\">\n\t\t\t\t\t\t\t\t\t<p>pr\u00e9par\u00e9es par Charlotte Gaufres  cie<\/p>\t\t\t\t\t\t\t\t<\/div>\n\t\t\t\t<div class=\"elementor-element elementor-element-15fa7eb elementor-widget elementor-widget-text-editor\" data-id=\"15fa7eb\" data-element_type=\"widget\" data-e-type=\"widget\" data-widget_type=\"text-editor.default\">\n\t\t\t\t\t\t\t\t\t<p class=\"p1\">Gaufres fra\u00eeches pr\u00e9par\u00e9es sur commande<\/p>\t\t\t\t\t\t\t\t<\/div>\n\t\t\t\t<div class=\"elementor-element elementor-element-17355c9 elementor-widget elementor-widget-text-editor\" data-id=\"17355c9\" data-element_type=\"widget\" data-e-type=\"widget\" data-widget_type=\"text-editor.default\">\n\t\t\t\t\t\t\t\t\t<p class=\"p1\">Servies avec garnitures assorties et sirop d\u2019\u00e9rable pur<\/p>\t\t\t\t\t\t\t\t<\/div>\n\t\t\t\t\t<\/div>\n\t\t\t\t<\/div>\n\t\t<div class=\"elementor-element elementor-element-38dddc9 e-flex e-con-boxed e-con e-child\" data-id=\"38dddc9\" data-element_type=\"container\" data-e-type=\"container\">\n\t\t\t\t\t<div class=\"e-con-inner\">\n\t\t\t\t<div class=\"elementor-element elementor-element-248e641 elementor-widget elementor-widget-heading\" data-id=\"248e641\" data-element_type=\"widget\" data-e-type=\"widget\" data-widget_type=\"heading.default\">\n\t\t\t\t\t<h2 class=\"elementor-heading-title elementor-size-default\">table de desserts signature<\/h2>\t\t\t\t<\/div>\n\t\t\t\t<div class=\"elementor-element elementor-element-09886f0 elementor-widget elementor-widget-text-editor\" data-id=\"09886f0\" data-element_type=\"widget\" data-e-type=\"widget\" data-widget_type=\"text-editor.default\">\n\t\t\t\t\t\t\t\t\t<p class=\"p1\">Mini-p\u00e2tisseries et bouch\u00e9es de desserts raffin\u00e9s<\/p><p class=\"p1\">Beignes artisanaux et biscuits gourmets<\/p><p class=\"p1\">G\u00e2teaux signature<\/p><p class=\"p1\">Fruits frais tranch\u00e9s de saison<\/p><p class=\"p1\">Fontaine de chocolat avec fruits frais et accompagnements<\/p>\t\t\t\t\t\t\t\t<\/div>\n\t\t\t\t\t<\/div>\n\t\t\t\t<\/div>\n\t\t<div class=\"elementor-element elementor-element-1487cb4 e-flex e-con-boxed e-con e-child\" data-id=\"1487cb4\" data-element_type=\"container\" data-e-type=\"container\">\n\t\t\t\t\t<div class=\"e-con-inner\">\n\t\t\t\t<div class=\"elementor-element elementor-element-3d1aff6 elementor-widget elementor-widget-heading\" data-id=\"3d1aff6\" data-element_type=\"widget\" data-e-type=\"widget\" data-widget_type=\"heading.default\">\n\t\t\t\t\t<h2 class=\"elementor-heading-title elementor-size-default\">boissons<\/h2>\t\t\t\t<\/div>\n\t\t\t\t<div class=\"elementor-element elementor-element-fb7abf7 elementor-widget elementor-widget-text-editor\" data-id=\"fb7abf7\" data-element_type=\"widget\" data-e-type=\"widget\" data-widget_type=\"text-editor.default\">\n\t\t\t\t\t\t\t\t\t<p class=\"p1\">Caf\u00e9 fra\u00eechement infus\u00e9 et caf\u00e9 d\u00e9caf\u00e9in\u00e9<\/p><p class=\"p1\">S\u00e9lection de th\u00e9s de qualit\u00e9 sup\u00e9rieure<\/p><p class=\"p1\">Assortiment de jus de fruits r\u00e9frig\u00e9r\u00e9s<\/p>\t\t\t\t\t\t\t\t<\/div>\n\t\t\t\t\t<\/div>\n\t\t\t\t<\/div>\n\t\t\t\t<div class=\"elementor-element elementor-element-4de16f5 elementor-align-center elementor-widget elementor-widget-button\" data-id=\"4de16f5\" data-element_type=\"widget\" data-e-type=\"widget\" data-widget_type=\"button.default\">\n\t\t\t\t\t\t\t\t\t\t<a class=\"elementor-button elementor-button-link elementor-size-sm\" href=\"https:\/\/events.lechateauroyal.com\/fr\/\">\n\t\t\t\t\t\t<span class=\"elementor-button-content-wrapper\">\n\t\t\t\t\t\t\t\t\t<span class=\"elementor-button-text\">Retour \u00e0 laccueil<\/span>\n\t\t\t\t\t<\/span>\n\t\t\t\t\t<\/a>\n\t\t\t\t\t\t\t\t<\/div>\n\t\t\t\t\t<\/div>\n\t\t\t\t<\/div>\n\t\t\t\t<\/div>\n\t\t","protected":false},"excerpt":{"rendered":"<p>s\u00e9lection de boulangerie artisanale Croissants pur beurre &amp; pains au chocolat Mini danoises assorties Pain aux bananes &amp; cake au citron S\u00e9lection de muffins fra\u00eechement cuits Pains artisanaux et bagels de style montr\u00e9alais Servis avec beurre, confitures maison, miel, beurre d\u2019arachide &amp; fromage \u00e0 la cr\u00e8me bar \u00e0 fruits &amp; parfaits Pr\u00e9sentation de fruits frais [&hellip;]<\/p>\n","protected":false},"author":1,"featured_media":0,"parent":0,"menu_order":0,"comment_status":"closed","ping_status":"closed","template":"","meta":{"footnotes":""},"class_list":["post-696","page","type-page","status-publish","hentry"],"_links":{"self":[{"href":"https:\/\/events.lechateauroyal.com\/fr\/wp-json\/wp\/v2\/pages\/696","targetHints":{"allow":["GET"]}}],"collection":[{"href":"https:\/\/events.lechateauroyal.com\/fr\/wp-json\/wp\/v2\/pages"}],"about":[{"href":"https:\/\/events.lechateauroyal.com\/fr\/wp-json\/wp\/v2\/types\/page"}],"author":[{"embeddable":true,"href":"https:\/\/events.lechateauroyal.com\/fr\/wp-json\/wp\/v2\/users\/1"}],"replies":[{"embeddable":true,"href":"https:\/\/events.lechateauroyal.com\/fr\/wp-json\/wp\/v2\/comments?post=696"}],"version-history":[{"count":16,"href":"https:\/\/events.lechateauroyal.com\/fr\/wp-json\/wp\/v2\/pages\/696\/revisions"}],"predecessor-version":[{"id":877,"href":"https:\/\/events.lechateauroyal.com\/fr\/wp-json\/wp\/v2\/pages\/696\/revisions\/877"}],"wp:attachment":[{"href":"https:\/\/events.lechateauroyal.com\/fr\/wp-json\/wp\/v2\/media?parent=696"}],"curies":[{"name":"wp","href":"https:\/\/api.w.org\/{rel}","templated":true}]}}